{"id":3885,"date":"2019-02-12T12:15:04","date_gmt":"2019-02-12T10:15:04","guid":{"rendered":"https:\/\/www.ecole-nature-paysage.fr\/teachers\/"},"modified":"2025-10-20T16:06:43","modified_gmt":"2025-10-20T14:06:43","slug":"teachers","status":"publish","type":"page","link":"https:\/\/www.ecole-nature-paysage.fr\/en\/teachers\/","title":{"rendered":"Teachers"},"content":{"rendered":"\n<h2 class=\"wp-block-heading\">LIST OF LECTURERS IN ALPHABETICAL ORDER<\/h2>\n\n<h3 class=\"wp-block-heading\">Isabelle Audouard-Chavassieux<\/h3>\n\n<h5 class=\"wp-block-heading\">Engineering and project management (DEP1 &amp; DEP2)<br\/>Strength of materials (DEP1)<br\/>Reuse, restraint and circularity in projects (DEP1)<\/h5>\n\n<p>Landscape engineer from ENSNP<br\/>Landscape architect at Auddic\u00e9 Val de Loire<br\/>Founder of the Regards Crois\u00e9s workshop <\/p>\n\n<h3 class=\"wp-block-heading\">S\u00e9bastien Bonthoux<\/h3>\n\n<h5 class=\"wp-block-heading\">Landscape ecology and socio-ecology, agronomy, geomatics, introduction to scientific research (DEP1, DEP2, DEP3)<\/h5>\n\n<p>Senior lecturer, researcher at UMR CNRS CITERES<\/p>\n\n<h6 class=\"wp-block-heading\">Research<\/h6>\n\n<p>Analysis of nature-society relations in urban landscapes and support for their transitions, interdisciplinary approaches combining concepts and methods from ecology, geography and environmental psychology.<\/p>\n\n<h3 class=\"wp-block-heading\">Sabine Bouch\u00e9-Pillon<\/h3>\n\n<h5 class=\"wp-block-heading\">Botany and plant biology (CPEP1)<br\/>Urban ecology (DEP1)<br\/>Introduction to the scientific approach (DEP1)<\/h5>\n\n<p>Senior lecturer (HC) at INSA Centre Val de Loire, Nature and Landscape School Department<br\/>Associate member of UMR 7324 CITERES (CNRS-University of Tours), IPAPE team<\/p>\n\n<h6 class=\"wp-block-heading\">Research<\/h6>\n\n<p>Study of socio-ecosystems in urban environments and their responses to environmental issues and global change: urban floristic biodiversity of vegetated urban spaces such as pavements and wasteland, and monitoring of their spatio-temporal dynamics<\/p>\n\n<h3 class=\"wp-block-heading\">Hugo Bruley<\/h3>\n\n<h5 class=\"wp-block-heading\">Landscape project workshop (DEP1)<\/h5>\n\n<p>Landscape engineer ENSNP Blois<br\/>Masters of Landscape Architecture. UC Berkeley<br\/>Founder of HBLA Landscape Architecture <\/p>\n\n<h3 class=\"wp-block-heading\">L\u00e9onard Cattoni<\/h3>\n\n<h5 class=\"wp-block-heading\">Landscape project workshop (CPEP2)<\/h5>\n\n<div class=\"wp-block-group\"><div class=\"wp-block-group__inner-container is-layout-flow wp-block-group-is-layout-flow\">\n<div class=\"wp-block-group\"><div class=\"wp-block-group__inner-container is-layout-flow wp-block-group-is-layout-flow\">\n<p>Landscape engineer ENSNP Blois<br\/>Dipl\u00f4me de sp\u00e9cialisation et approfondissement en architecture, mention projet urbain, (a post-master&#8217;s degree) at EAV&amp;T Marne la Vall\u00e9e<br\/>Founder of the R\u00e9seau(x) paysage &amp; urbanisme agency<\/p>\n\n\n\n<h6 class=\"wp-block-heading\">Awards<\/h6>\n\n\n\n<p>Europan 16 winner<\/p>\n\n\n\n<h6 class=\"wp-block-heading\">Publications<\/h6>\n\n\n\n<p>Urban Planning No. 424, Niort, a land port<br\/>Living Cities, Europan 16<br\/>Archiscopie 28, January 2022, When water supplies the city<\/p>\n<\/div><\/div>\n<\/div><\/div>\n\n<h3 class=\"wp-block-heading\">Claire Combeau<\/h3>\n\n<h5 class=\"wp-block-heading\">Drawing and representation of space (CPEP2, DEP1 &amp; DEP2)<\/h5>\n\n<p>Graduate of the \u00c9cole Camondo<br\/>Founder of the \u2018Les Traces Habiles, l&#8217;observatoire des pratiques contemporaines du dessin\u2019 association<br\/>Interior architect, visual artist, artistic and editorial director<\/p>\n\n<h3 class=\"wp-block-heading\">Claire Dauviau<\/h3>\n\n<h5 class=\"wp-block-heading\">Landscape project workshop (CPEP1)<\/h5>\n\n<p>DPLG-certified landscape architect<br\/>Head of the Plante\u00efs design office (77)<br\/>Intaglio engraver<\/p>\n\n<h3 class=\"wp-block-heading\">Arnaud de Lajartre<\/h3>\n\n<h5 class=\"wp-block-heading\">Environmental law, town planning law, landscape law (DEP1 &amp; DEP2)Droit de l\u2019environnement, droit de l\u2019urbanisme, droit du paysage (DEP1 &amp; DEP2)<\/h5>\n\n<p>Senior lecturer in public law at the University of Angers, Scientific director of the biennial conference on \u2018Law and governance of architectural and landscape heritage\u2019<br\/>Coordinator of the ANR research programme on \u2018PLU patrimonial\u2019 (urban planning for heritage)<br\/>Member of the Maine et Loire CDNPS and the Pays de la Loire CRPA<br\/>Chairman of the Scientific Council of the Pays de la Loire Conservatory of Natural Areas<\/p>\n\n<h6 class=\"wp-block-heading\">Training<\/h6>\n\n<p>PhD in public law<\/p>\n\n<h3 class=\"wp-block-heading\">Mathieu Delorme<\/h3>\n\n<h5 class=\"wp-block-heading\">Stakeholder strategy and landscape project (DEP3)<\/h5>\n\n<p>Founding partner of Atelier Georges<br\/>Landscape engineer at ENSNP Bois<br\/>Urban planner at ESSEC (MS in Urban and Real Estate Management)<br\/>Associate Assistant Lecturer at the \u00c9cole d\u2019Architecture de la Ville &amp; des Territoires, Marne-la-Vall\u00e9e<\/p>\n\n<h6 class=\"wp-block-heading\">Awards<\/h6>\n\n<p>Honoured in the 2014 Young Town Planners Awards<br\/>Europan competition<\/p>\n\n<h3 class=\"wp-block-heading\">B\u00e9n\u00e9dicte Flatet<\/h3>\n\n<h5 class=\"wp-block-heading\">Communication (DEP1)<\/h5>\n\n<p>Actress, singer, director, choral conductor, voice trainer<br\/>Trained at the CRR de Tours (singing) and with director Nicolas Peskine (theatre) of the Compagnie du Hasard<\/p>\n\n<h3 class=\"wp-block-heading\">Olivier Gaudin<\/h3>\n\n<h5 class=\"wp-block-heading\">History of landscape formation and the history of towns (DEP1, DEP2)<br\/>Interdisciplinary trips (DEP1, DEP2)<br\/>Interdisciplinary weeks (DEP1)<\/h5>\n\n<p>PhD in Philosophy of Social Sciences (CEMS, EHESS, 2016) (page <a href=\"https:\/\/cv.hal.science\/oliviergaudin\" data-type=\"link\" data-id=\"https:\/\/cv.hal.science\/oliviergaudin\">HAL<\/a>).<br\/>Editorial manager of the <a href=\"https:\/\/www.ecole-nature-paysage.fr\/les-cahiers-de-lecole-de-blois\/\" data-type=\"page\" data-id=\"627\">Cahiers de l&#8217;\u00c9cole de Blois<\/a>, the annual journal of the \u00c9cole de la Nature et du Paysage.<\/p>\n\n<h6 class=\"wp-block-heading\">Research<\/h6>\n\n<p>Researcher at the <a href=\"https:\/\/aau.archi.fr\/equipe\/gaudin-olivier\/\">Ambiances, Architectures, Urbanit\u00e9s<\/a> laboratory (Grenoble, AAU_Cresson), and associated with the Centre d&#8217;\u00c9tude des Mouvements Sociaux (Paris, EHESS). His work focuses on pragmatist philosophy, urban studies, cinema and the cultural history of landscapes. He edited, alongside Daniel Cefa\u00ef, Mathieu Berger and Louise Carlier, Human Ecology. A social science of living environments (Cr\u00e9aphis \u00e9ditions, 2024). He is a member of the editorial boards of the online and open access journals M\u00e9tropolitiques and Pragmata, a journal of pragmatist studies.   <em><a href=\"https:\/\/www.editions-creaphis.com\/fr\/catalogue\/view\/1292\/ecologie-humaine\/?of=0\">\u00c9cologie humaine. Une science sociale des milieux de vie <\/a><\/em> He is a member of the editorial boards of the online and open access journals <a href=\"https:\/\/metropolitiques.eu\/\">M\u00e9tropolitiques<\/a> and <a href=\"https:\/\/revuepragmata.wordpress.com\/\">Pragmata, a journal of pragmatist studies.<\/a> <\/p>\n\n<h3 class=\"wp-block-heading\">Mathieu Gigot<\/h3>\n\n<h5 class=\"wp-block-heading\">Town planning law (DEP1)<\/h5>\n\n<p>Senior lecturer in spatial and urban planning at the University of Paris<br\/>UMR Geography-Cities &#8211; CRIA<\/p>\n\n<h6 class=\"wp-block-heading\">Research<\/h6>\n\n<p>Urban planning, Interactions between geography and law, Town planning law, Heritage of urban spaces, Landscape policies<\/p>\n\n<h3 class=\"wp-block-heading\">Marie Gu\u00e9gan<\/h3>\n\n<h5 class=\"wp-block-heading\">Humanities and social sciences (DEP)<\/h5>\n\n<p>Agricultural engineer<br\/>DESS in Sociology<br\/>Master&#8217;s degree in Geography<br\/>Undergraduate degree in Psychology (Licence 3), Paris VIII<\/p>\n\n<h3 class=\"wp-block-heading\">L\u00e9a Hommage<\/h3>\n\n<h5 class=\"wp-block-heading\">Landscape project workshop (DEP1)<\/h5>\n\n<p>Landscape architect DPLG ENSAP Lille<br\/>Co-founder with Mathieu Delmas of the LALU &#8211; la forme et l&#8217;usage landscape architecture firm<\/p>\n\n<h6 class=\"wp-block-heading\">Awards<\/h6>\n\n<p>Winner of the Young Architects and Landscape Architects Albums (AJAP) 2018<br\/>Winner of the Europan 12 competition<\/p>\n\n<h3 class=\"wp-block-heading\">Marianne Klapisch<\/h3>\n\n<h5 class=\"wp-block-heading\">Visual representation (CPEP and DEP1)<\/h5>\n\n<p>Graduate architect from the \u00c9cole Paris La Villette<br\/>Museum scenographer<br\/>Founder and manager of the klapisch\u2022sc\u00e9nographes agency<\/p>\n\n<h3 class=\"wp-block-heading\">Mich\u00e8le \u00c9lise Lecourt<\/h3>\n\n<h5 class=\"wp-block-heading\">Anglais<\/h5>\n\n<p>Dipl\u00f4m\u00e9e de l\u2019Universit\u00e9 Fran\u00e7ois Rabelais, Tours<br\/>Sp\u00e9cialit\u00e9 : Civilisation Africaine Am\u00e9ricaine<\/p>\n\n<h3 class=\"wp-block-heading\">Nicolas Legay<\/h3>\n\n<h5 class=\"wp-block-heading\">Plant Biology and Ecology (CPEP2)<br\/>Interdisciplinary Travel (CPEP2)<br\/>Ecological Engineering (DEP1, DEP2)<\/h5>\n\n<p>Senior lecturer at the \u00c9cole de la Nature et du Paysage, INSA Centre &#8211; Val de Loire<br\/>UMR CITERES, IPAPE team (CNRS, University of Tours)<\/p>\n\n<h6 class=\"wp-block-heading\">Training<\/h6>\n\n<p>PhD in Biodiversity, Ecology and the Environment. University of Grenoble (France)<br\/>Master&#8217;s degree in Plant Ecophysiology. University of Caen (France)<br\/>Degree in Organismal Biology. University of Caen (France)   <\/p>\n\n<h6 class=\"wp-block-heading\">Research<\/h6>\n\n<p>Interactions between plant communities and soil microbial communities through biogeochemical cycles in mountain meadows. Studying the mechanisms of these interactions and their responses to global changes (land use, climate change) using a functional approach at community level (in situ) in order to identify patterns in ecosystem functioning <\/p>\n\n<h3 class=\"wp-block-heading\">S\u00e9bastien Lemaire<\/h3>\n\n<h5 class=\"wp-block-heading\">Constructive geometry, CAD-CAM (CPEP, DEP)<\/h5>\n\n<p>Architect DPLG ENSA Paris-Belleville<br\/>Founder and co-manager of prototypes architecture environnements (Blois, Paris)<\/p>\n\n<h3 class=\"wp-block-heading\">Franck L\u00e9onard<\/h3>\n\n<h5 class=\"wp-block-heading\">Drawing and Visual Arts and representation of space<\/h5>\n\n<p>DNSEP, \u00c9cole Nationale Sup\u00e9rieure des Beaux-Arts, Paris<br\/>Visual artist<br\/>Co-founder of the artistic platform TERRAIN DE JEUX<\/p>\n\n<h3 class=\"wp-block-heading\">Christophe Le Toquin<\/h3>\n\n<h5 class=\"wp-block-heading\">Photography (CPEP, DEP1)<\/h5>\n\n<p>Graduate of ENS Louis Lumi\u00e8re<br\/>Communications Officer INSA Centre Val de Loire<br\/>Freelance photographer<\/p>\n\n<h6 class=\"wp-block-heading\">Publications<\/h6>\n\n<p>Elements of a typology of urbanisation in a French village of two thousand eight hundred and thirty nine inhabitants, photographs<br\/>Redbridge, Antler Press, UK 2015<br\/>The northernmost town, The Velvet Cell, 2014<br\/>Contribution to \u2018Cold climate and territory\u2019, collective, French\/English\/Norwegian, coordinated by Verte Landskap AB, 2012, 2013<br\/>Photographic Observatory for the Observatoire Loire (Blois, 41) since 2000<\/p>\n\n<h3 class=\"wp-block-heading\">Clara Loukkal<\/h3>\n\n<h5 class=\"wp-block-heading\">Landscape project workshop (DEP2)<\/h5>\n\n<p>Landscape architect DPLG, ENSP Versailles<br\/>Urban planner-geographer, Master&#8217;s degree in Urban Planning, University of Paris I Panth\u00e9on-Sorbonne<br\/>Co-founder with Beno\u00eet Barnoud of the landscape and urban planning agency Altitude 35<\/p>\n\n<h6 class=\"wp-block-heading\">Awards<\/h6>\n\n<p>AJAP 2020 (Young Architects and Landscape Architects Album)<br\/>PJU 2020 (Young Town Planners Award)<br\/>Europan 13 winner<br\/>Europan 14 winner<br\/>Europan 15 winner<\/p>\n\n<h3 class=\"wp-block-heading\">Fred Maillard<\/h3>\n\n<h5 class=\"wp-block-heading\">Computer graphics, project communication (CPEP, DEP)<br\/>Drawing and representation techniques (CPEP1)<\/h5>\n\n<p>Associate professor of visual arts<br\/>DNSEP, \u00c9cole Nationale Sup\u00e9rieur des Beaux-arts, Paris<br\/>Master&#8217;s degree in visual arts, Paris I<br\/>Visual artist<\/p>\n\n<h3 class=\"wp-block-heading\">Antoine Mar\u00e9chal<\/h3>\n\n<h5 class=\"wp-block-heading\">Drawing (CPEP1)<\/h5>\n\n<p>Draughtsman, architect DE<br\/>Graduate of the \u00c9cole d&#8217;Architecture de la Ville &amp; des Territoires Paris-Est<\/p>\n\n<h6 class=\"wp-block-heading\">Publications<\/h6>\n\n<p>(Drawing) Concrete, quicksand survey. Comic strip report published by Presses de la Cit\u00e9, Spring 2023 (forthcoming)<br\/>(Drawing) Concrete: the end of an era? Exploration No.\u00b06 of the Swiss magazine Heidi News, May 2021<br\/>Site notebook in Pays de la Loire, October 2019<br\/>(Drawing) The mobile hyperplaces of logistics. Comic strip report, Urbanisme magazine (HS No. 413), June 2019  <\/p>\n\n<h3 class=\"wp-block-heading\">Alexis Metzger<\/h3>\n\n<h5 class=\"wp-block-heading\">History and culture of the landscape (CPEP)<\/h5>\n\n<p>PhD in Geography<br\/>Contract research lecturer<\/p>\n\n<h6 class=\"wp-block-heading\">Research<\/h6>\n\n<p>Geohistory of the environment and landscapes, risk governance, geoclimatology, links between art and geography, environmental images<\/p>\n\n<h6 class=\"wp-block-heading\">Publications<\/h6>\n\n<p>(editor) <em>Acclimatations. Sur le terrain des cultures climatiques, <\/em> Hermann, M\u00e9t\u00e9oS, 2021<br\/>(direction)<em> Le climat au prisme des sciences humaines et sociales<\/em>, Quae, 2021<br\/><em>Catastrophes climatiques. 21 id\u00e9es re\u00e7ues pour comprendre et agir <\/em>, Paris, Le cavalier bleu, 2021<br\/><em>L\u2019hiver au Si\u00e8cle d\u2019or hollandais<\/em><em>. Art et climat<\/em>, Paris, Sorbonne Universit\u00e9 Presses, 2018<br\/>(codirection avec Jamie Linton) <i>Quand les eaux montent. Mise en patrimoine des crues et des inondations <\/i><i>, <\/i>Paris, L\u2019Harmattan, 2018<\/p>\n\n<h3 class=\"wp-block-heading\">Camille Michel<\/h3>\n\n<h5 class=\"wp-block-heading\">Landscape design workshop (CPEP 1)<\/h5>\n\n<p>HMONP Dipl\u00f4m\u00e9 d\u2019\u00c9tat (national degree) qualified architect<br\/>Resident at the Villa M\u00e9dicis &#8211; Acad\u00e9mie de France in Rome 2012-2013<br\/>camillemichel.com<\/p>\n\n<h3 class=\"wp-block-heading\">Sylvain Morin<\/h3>\n\n<h5 class=\"wp-block-heading\">Landscape project workshop (CPEP2)<\/h5>\n\n<p>Landscape engineer ENSNP Blois<br\/>Co-founder and co-manager of the Atelier Altern<br\/>Co-founder of the landscape magazine Op<br\/>State landscape architect advisor<\/p>\n\n<h6 class=\"wp-block-heading\">Awards<\/h6>\n\n<p>Winner of the Young Architects and Landscape Architects Albums (AJAP) 2014<br\/>Winner of the 2016 Young Town Planners Award<\/p>\n\n<h3 class=\"wp-block-heading\">Florent Morisseau<\/h3>\n\n<h5 class=\"wp-block-heading\">Designing with plants (CPEP)<\/h5>\n\n<p>Landscape engineer ENSNP Blois<br\/>Founder and co-manager of the Chor\u00e8me agency (Paris and Blois)<br\/>Lecturer at the Ecole Sp\u00e9ciale d&#8217;Architecture de Paris<\/p>\n\n<h6 class=\"wp-block-heading\">Awards<\/h6>\n\n<p>Chor\u00e8me &#8211; Laur\u00e9at des Albums des Jeunes Architectes et Paysagistes &#8211; AJAP 2018<\/p>\n\n<h3 class=\"wp-block-heading\">Gregory Morisseau<\/h3>\n\n<h5 class=\"wp-block-heading\">Urban, rural and coastal geography (DEP)<br\/>Introduction to research (DEP)<\/h5>\n\n<p>Landscape engineer ENSNP Blois<br\/>Doctor in Geography, specialising in Urban Planning and Spatial Dynamics, Paris IV<\/p>\n\n<h6 class=\"wp-block-heading\">Awards<\/h6>\n\n<p>Grand Prix for development in flood-prone areas (2017)<br\/>Chor\u00e8me &#8211; Winner of the Young Architects and Landscape Architects Albums &#8211; AJAP 2018<\/p>\n\n<h3 class=\"wp-block-heading\">Guillaume Portero<\/h3>\n\n<h5 class=\"wp-block-heading\">Designing with plants (DEP)<\/h5>\n\n<p>Landscape engineer, INH, Angers<br\/>M2 Urban Forestry at the \u00c9cole Nationale du G\u00e9nie Rural, des Eaux et For\u00eats in Nancy (France)<br\/>Head of For\u00eat Bocage at Lannion-Tr\u00e9gor Communaut\u00e9<br\/>Member of the Openfield magazine<\/p>\n\n<h3 class=\"wp-block-heading\">Bruno Ricard<\/h3>\n\n<h5 class=\"wp-block-heading\">Urban hydrology (DEP1)<br\/>River engineering (DEP2)<\/h5>\n\n<p>PhD in urban design methods and techniques Civil engineering and town planning engineer INSA Lyon<br\/>Mayor of Lanvallay (4,000 inhabitants, Cotes d&#8217;Armor)<br\/>Vice-Chairman of Dinan Agglom\u00e9ration (65 communes, 96,000 inhabitants) in charge of the local water cycle<\/p>\n\n<h3 class=\"wp-block-heading\">Mathias Rouet<\/h3>\n\n<h5 class=\"wp-block-heading\">Regional policies (DEP2)<\/h5>\n\n<p>Consultant geographer, Acadie public policy consulting cooperative<br\/>Expert, Plateau Urbain temporary urban planning cooperative<br\/>Lecturer, Master&#8217;s in Planning and Urban Development, Paris 1 Panth\u00e9on Sorbonne<\/p>\n\n<h6 class=\"wp-block-heading\">Awards<\/h6>\n\n<p>Honoured at the 2016 Young Town Planners Awards<\/p>\n\n<h3 class=\"wp-block-heading\">Marine Seemuller<\/h3>\n\n<h5 class=\"wp-block-heading\">Stakeholder strategies (DEP3)<\/h5>\n\n<p>Geographer, town planner<br\/>Development Director of REDMAN \u00cele de France (property developer)<br\/>Lecturer, Master STU science po<\/p>\n\n<h3 class=\"wp-block-heading\">Sylvie Servain<\/h3>\n\n<h5 class=\"wp-block-heading\">Geography and mapping (CPEP, DEP)<\/h5>\n\n<p>Professor of Geography<br\/>Qualified to supervise research in geography<br\/>PhD in Hydrology<\/p>\n\n<h6 class=\"wp-block-heading\">Research<\/h6>\n\n<p>Analysis of contemporary landscape dynamics in hydrosystems, principally in the Loire Valley &#8211; changes in flood-prone areas and the processes generating these changes, in relation to regulations and public policies &#8211; the relationship between changes in the landscape, the recognition or denial of the risk of flooding by local stakeholders and changes in regulations, including the heritage component<\/p>\n\n<h3 class=\"wp-block-heading\">Lolita Voisin<\/h3>\n\n<h5 class=\"wp-block-heading\">Image and layout and Portfolio (CPEP)<br\/>Political history of landscape, Landscape and regional projects (DEP)<br\/>Stakeholder strategies in landscape projects (DEP3)<br\/>Interdisciplinary travel (DEP1 &amp; DEP2)<\/h5>\n\n<p>Senior lecturer in town planning<br\/>Landscape engineer ENSNP Blois<\/p>\n\n<h6 class=\"wp-block-heading\">Research<\/h6>\n\n<p>Landscape policies &#8211; Strategic analysis of regional public action &#8211; Decentralisation and regionalisation processes in medium-sized towns &#8211; Orality, representation and discourse<\/p>\n\n<h6 class=\"wp-block-heading\">Publications<\/h6>\n\n<p>Lolita Voisin and Olivier Gaudin, \u2018Listening to work situations. Radiophonic experiments in a landscape architect training programme\u2019, RadioMorphoses [online], 8 | 2022, published online 27 December 2022 URL: <a href=\"http:\/\/journals.openedition.org\/radiomorphoses\/3188\" target=\"_blank\" rel=\"noreferrer noopener\">http:\/\/journals.openedition.org\/radiomorphoses\/3188<\/a><\/p>\n\n<p>Lolita Voisin, Am\u00e9lie C\u00e9net, In\u00e8s G\u00e9nuite and Val\u00e9rie Viaud, \u2018Opening up new possibilities. How are landscaping practices being incorporated into agriculture?\u2019 Landscape Projects [Online], 30 | 2024, published online 15 July 2024, accessed 16 July 2024. URL: <a href=\"http:\/\/journals.openedition.org\/paysage\/33608\" target=\"_blank\" rel=\"noreferrer noopener\">http:\/\/journals.openedition.org\/paysage\/33608<\/a> <\/p>\n\n<p> L. Voisin \u2018Seeking the front lines in landscape\u2019 Interview with Anne Sgard, Les Cahiers de l\u2019\u00c9cole de Blois No. 22, Lignes de Front, Editions de la Villette.<\/p>\n","protected":false},"excerpt":{"rendered":"<p>LIST OF LECTURERS IN ALPHABETICAL ORDER Isabelle Audouard-Chavassieux Engineering and project management (DEP1 &amp; DEP2)Strength of materials (DEP1)Reuse, restraint and circularity in projects (DEP1) Landscape engineer from ENSNPLandscape architect at&#8230;<\/p>\n","protected":false},"author":8,"featured_media":0,"parent":0,"menu_order":0,"comment_status":"closed","ping_status":"closed","template":"","meta":{"footnotes":""},"categories":[154],"tags":[155],"class_list":["post-3885","page","type-page","status-publish","hentry","category-teachers","tag-teachers"],"_links":{"self":[{"href":"https:\/\/www.ecole-nature-paysage.fr\/en\/wp-json\/wp\/v2\/pages\/3885","targetHints":{"allow":["GET"]}}],"collection":[{"href":"https:\/\/www.ecole-nature-paysage.fr\/en\/wp-json\/wp\/v2\/pages"}],"about":[{"href":"https:\/\/www.ecole-nature-paysage.fr\/en\/wp-json\/wp\/v2\/types\/page"}],"author":[{"embeddable":true,"href":"https:\/\/www.ecole-nature-paysage.fr\/en\/wp-json\/wp\/v2\/users\/8"}],"replies":[{"embeddable":true,"href":"https:\/\/www.ecole-nature-paysage.fr\/en\/wp-json\/wp\/v2\/comments?post=3885"}],"version-history":[{"count":1,"href":"https:\/\/www.ecole-nature-paysage.fr\/en\/wp-json\/wp\/v2\/pages\/3885\/revisions"}],"predecessor-version":[{"id":3886,"href":"https:\/\/www.ecole-nature-paysage.fr\/en\/wp-json\/wp\/v2\/pages\/3885\/revisions\/3886"}],"wp:attachment":[{"href":"https:\/\/www.ecole-nature-paysage.fr\/en\/wp-json\/wp\/v2\/media?parent=3885"}],"wp:term":[{"taxonomy":"category","embeddable":true,"href":"https:\/\/www.ecole-nature-paysage.fr\/en\/wp-json\/wp\/v2\/categories?post=3885"},{"taxonomy":"post_tag","embeddable":true,"href":"https:\/\/www.ecole-nature-paysage.fr\/en\/wp-json\/wp\/v2\/tags?post=3885"}],"curies":[{"name":"wp","href":"https:\/\/api.w.org\/{rel}","templated":true}]}}